{"id":230,"date":"2019-01-22T11:40:24","date_gmt":"2019-01-22T11:40:24","guid":{"rendered":"http:\/\/qbqgraepv.cyon.link\/home\/"},"modified":"2019-04-26T09:24:50","modified_gmt":"2019-04-26T09:24:50","slug":"home","status":"publish","type":"page","link":"https:\/\/spinner-konferenz.ch\/fr\/","title":{"rendered":"Home"},"content":{"rendered":"\r\n<p lang=\"fr-CH\">Depuis plus de 40 ans, Spinner Konferenztechnik assure le succ\u00e8s de vos \u00e9v\u00e9nements : nous sommes votre partenaire exp\u00e9riment\u00e9 et cr\u00e9atif pour la planification et la r\u00e9alisation de conf\u00e9rences, r\u00e9unions, \u00e9v\u00e9nements ou s\u00e9minaires ainsi que pour la mise en place d\u2019installations fixes.<\/p>\r\n<p lang=\"fr-CH\">Avec notre technique de congr\u00e8s et de traduction simultan\u00e9e, vous \u00eates \u00e9quip\u00e9s de de mani\u00e8re optimale et moderne \u2013 depuis l\u2019audio jusqu\u2019\u00e0 la vid\u00e9o. Gr\u00e2ce \u00e0 une assistance professionnelle lors de la pr\u00e9paration et sur place, vous pourrez profiter de votre \u00e9v\u00e9nement en toute s\u00e9r\u00e9nit\u00e9.<\/p>\r\n<p lang=\"fr-CH\">Nous vous conseillons individuellement et vous offrons des conditions \u00e9quitables.<\/p>\r\n<p lang=\"fr-CH\"><a href=\"mailto:info@spinner-konferenz.ch\">Engagez un Spinner.<\/a><\/p>\r\n","protected":false},"excerpt":{"rendered":"<p>Depuis plus de 40 ans, Spinner Konferenztechnik assure le succ\u00e8s de vos \u00e9v\u00e9nements : nous sommes votre partenaire exp\u00e9riment\u00e9 et cr\u00e9atif pour la planification et la r\u00e9alisation de conf\u00e9rences, r\u00e9unions, \u00e9v\u00e9nements ou s\u00e9minaires ainsi que pour la mise en place d\u2019installations fixes. Avec notre technique de congr\u00e8s et de traduction simultan\u00e9e, vous \u00eates \u00e9quip\u00e9s de<a class=\"excerpt-read-more\" href=\"https:\/\/spinner-konferenz.ch\/fr\/\" title=\"ReadHome\">&#8230; Read more &raquo;<\/a><\/p>\n","protected":false},"author":1,"featured_media":0,"parent":0,"menu_order":0,"comment_status":"closed","ping_status":"closed","template":"template-full-width.php","meta":{"_acf_changed":false,"footnotes":""},"class_list":["post-230","page","type-page","status-publish","hentry"],"acf":[],"_links":{"self":[{"href":"https:\/\/spinner-konferenz.ch\/fr\/wp-json\/wp\/v2\/pages\/230","targetHints":{"allow":["GET"]}}],"collection":[{"href":"https:\/\/spinner-konferenz.ch\/fr\/wp-json\/wp\/v2\/pages"}],"about":[{"href":"https:\/\/spinner-konferenz.ch\/fr\/wp-json\/wp\/v2\/types\/page"}],"author":[{"embeddable":true,"href":"https:\/\/spinner-konferenz.ch\/fr\/wp-json\/wp\/v2\/users\/1"}],"replies":[{"embeddable":true,"href":"https:\/\/spinner-konferenz.ch\/fr\/wp-json\/wp\/v2\/comments?post=230"}],"version-history":[{"count":6,"href":"https:\/\/spinner-konferenz.ch\/fr\/wp-json\/wp\/v2\/pages\/230\/revisions"}],"predecessor-version":[{"id":565,"href":"https:\/\/spinner-konferenz.ch\/fr\/wp-json\/wp\/v2\/pages\/230\/revisions\/565"}],"wp:attachment":[{"href":"https:\/\/spinner-konferenz.ch\/fr\/wp-json\/wp\/v2\/media?parent=230"}],"curies":[{"name":"wp","href":"https:\/\/api.w.org\/{rel}","templated":true}]}}